{"id":16553,"date":"2021-10-12T16:27:24","date_gmt":"2021-10-12T16:27:24","guid":{"rendered":"https:\/\/izazu.cz\/contact-us\/"},"modified":"2024-03-02T19:10:30","modified_gmt":"2024-03-02T19:10:30","slug":"contact-us","status":"publish","type":"page","link":"https:\/\/izazu.cz\/en\/contact-us","title":{"rendered":"Contact us"},"content":{"rendered":"\t\t<div data-elementor-type=\"wp-page\" data-elementor-id=\"16553\" class=\"elementor elementor-16553 elementor-4439\">\n\t\t\t\t<div class=\"elementor-element elementor-element-9366433 e-con-full e-flex e-con e-parent\" data-id=\"9366433\" data-element_type=\"container\" data-e-type=\"container\">\n\t\t\t\t<div class=\"elementor-element elementor-element-63631f0 wd-width-100 elementor-widget elementor-widget-wd_google_map\" data-id=\"63631f0\" data-element_type=\"widget\" data-e-type=\"widget\" data-widget_type=\"wd_google_map.default\">\n\t\t\t\t<div class=\"elementor-widget-container\">\n\t\t\t\t\t\t\t<div class=\"google-map-container wd-map-container map-container-with-content\" style=\"--wd-justify-content: left; --wd-align-items: end;\" data-map-args='{&quot;multiple_markers&quot;:&quot;no&quot;,&quot;latitude&quot;:&quot;50.0872454&quot;,&quot;longitude&quot;:&quot;14.4019026&quot;,&quot;zoom&quot;:15,&quot;mouse_zoom&quot;:&quot;no&quot;,&quot;init_type&quot;:&quot;page_load&quot;,&quot;init_offset&quot;:&quot;&quot;,&quot;json_style&quot;:&quot;W3siZmVhdHVyZVR5cGUiOiJsYW5kc2NhcGUubWFuX21hZGUiLCJlbGVtZW50VHlwZSI6ImFsbCIsInN0eWxlcnMiOlt7ImNvbG9yIjoiI2ZhZjVlZCJ9LHsibGlnaHRuZXNzIjoiMCJ9LHsiZ2FtbWEiOiIxIn1dfSx7ImZlYXR1cmVUeXBlIjoicG9pLnBhcmsiLCJlbGVtZW50VHlwZSI6Imdlb21ldHJ5LmZpbGwiLCJzdHlsZXJzIjpbeyJjb2xvciI6IiNiYWU1YTYifV19LHsiZmVhdHVyZVR5cGUiOiJyb2FkIiwiZWxlbWVudFR5cGUiOiJhbGwiLCJzdHlsZXJzIjpbeyJ3ZWlnaHQiOiIxLjAwIn0seyJnYW1tYSI6IjEuOCJ9LHsic2F0dXJhdGlvbiI6IjAifV19LHsiZmVhdHVyZVR5cGUiOiJyb2FkIiwiZWxlbWVudFR5cGUiOiJnZW9tZXRyeS5maWxsIiwic3R5bGVycyI6W3siaHVlIjoiI2ZmYjIwMCJ9XX0seyJmZWF0dXJlVHlwZSI6InJvYWQuYXJ0ZXJpYWwiLCJlbGVtZW50VHlwZSI6Imdlb21ldHJ5LmZpbGwiLCJzdHlsZXJzIjpbeyJsaWdodG5lc3MiOiIwIn0seyJnYW1tYSI6IjEifV19LHsiZmVhdHVyZVR5cGUiOiJ0cmFuc2l0LnN0YXRpb24uYWlycG9ydCIsImVsZW1lbnRUeXBlIjoiYWxsIiwic3R5bGVycyI6W3siaHVlIjoiI2IwMDBmZiJ9LHsic2F0dXJhdGlvbiI6IjIzIn0seyJsaWdodG5lc3MiOiItNCJ9LHsiZ2FtbWEiOiIwLjgwIn1dfSx7ImZlYXR1cmVUeXBlIjoid2F0ZXIiLCJlbGVtZW50VHlwZSI6ImFsbCIsInN0eWxlcnMiOlt7ImNvbG9yIjoiI2EwZGFmMiJ9XX1d&quot;,&quot;marker_icon&quot;:&quot;https:\\\/\\\/izazu.cz\\\/wp-content\\\/uploads\\\/navigation-40x40.png&quot;,&quot;marker_icon_size&quot;:[&quot;40&quot;,&quot;40&quot;],&quot;elementor&quot;:true,&quot;marker_text_needed&quot;:&quot;no&quot;,&quot;marker_text&quot;:&quot;&lt;h3 style=\\&quot;min-width:300px; text-align:center; margin:15px;\\&quot;&gt;&lt;\\\/h3&gt;&quot;,&quot;selector&quot;:&quot;wd-map-id-69d7da9b4f3a8&quot;,&quot;markers&quot;:null,&quot;center&quot;:&quot;&quot;}'>\n\n\t\t\t\n\t\t\t\n\t\t\t<div class=\"wd-google-map-wrapper wd-map-wrapper wd-fill\">\n\t\t\t\t<div id=\"wd-map-id-69d7da9b4f3a8\" class=\"wd-google-map without-content wd-fill\"><\/div>\n\t\t\t<\/div>\n\n\t\t\t\t\t\t\t<div class=\"wd-google-map-content-wrap wd-map-content-wrap\">\n\t\t\t\t\t<div class=\"wd-google-map-content wd-map-content wd-entry-content\">\n\t\t\t\t\t\t\t\t\t\t\t\t\t<div class=\"info-box-content\">\n<div class=\"elementor-widget-container\"><img decoding=\"async\" title=\"wd-cursor-dark\" src=\"https:\/\/izazu.cz\/wp-content\/uploads\/navigation-18x18.png\" width=\"18\" height=\"18\" \/> <span class=\"list-content\"> Tr\u017ei\u0161t\u011b 366\/13<\/span><br \/>\n<img decoding=\"async\" title=\"wd-cursor-dark\" src=\"https:\/\/izazu.cz\/wp-content\/uploads\/navigation-18x18.png\" width=\"18\" height=\"18\" \/> <span class=\"list-content\">Star\u00e9 M\u011bsto<\/span><br \/>\n<img decoding=\"async\" title=\"wd-cursor-dark\" src=\"https:\/\/izazu.cz\/wp-content\/uploads\/navigation-18x18.png\" width=\"18\" height=\"18\" \/> <span class=\"list-content\"> Praha 1<\/span><\/div>\n<\/div>\n\t\t\t\t\t\t\t\t\t\t\t<\/div>\n\t\t\t\t<\/div>\n\t\t\t\t\t<\/div>\n\t\t\t\t\t\t<\/div>\n\t\t\t\t<\/div>\n\t\t\t\t<\/div>\n\t\t\t\t<section class=\"wd-negative-gap elementor-section elementor-top-section elementor-element elementor-element-1c9344a2 elementor-section-boxed elementor-section-height-default elementor-section-height-default\" data-id=\"1c9344a2\" data-element_type=\"section\" data-e-type=\"section\">\n\t\t\t\t\t\t<div class=\"elementor-container elementor-column-gap-default\">\n\t\t\t\t\t<div class=\"elementor-column elementor-col-100 elementor-top-column elementor-element elementor-element-41bec3dc\" data-id=\"41bec3dc\" data-element_type=\"column\" data-e-type=\"column\">\n\t\t\t<div class=\"elementor-widget-wrap elementor-element-populated\">\n\t\t\t\t\t\t<div class=\"elementor-element elementor-element-88ca337 wd-width-100 elementor-widget elementor-widget-wd_title\" data-id=\"88ca337\" data-element_type=\"widget\" data-e-type=\"widget\" data-widget_type=\"wd_title.default\">\n\t\t\t\t<div class=\"elementor-widget-container\">\n\t\t\t\t\t\t\t<div class=\"title-wrapper wd-set-mb reset-last-child wd-title-color-default wd-title-style-default wd-title-size-default text-left\">\n\n\t\t\t\n\t\t\t<div class=\"liner-continer\">\n\t\t\t\t<h4 class=\"woodmart-title-container title wd-fontsize-l\">Send us a message and we will get back to you soon!<\/h4> \n\t\t\t\t\t\t\t<\/div>\n\n\t\t\t\t\t<\/div>\n\t\t\t\t\t\t<\/div>\n\t\t\t\t<\/div>\n\t\t\t\t<div class=\"elementor-element elementor-element-5ce0072f wd-cf7 elementor-widget elementor-widget-wd_contact_form_7\" data-id=\"5ce0072f\" data-element_type=\"widget\" data-e-type=\"widget\" data-widget_type=\"wd_contact_form_7.default\">\n\t\t\t\t<div class=\"elementor-widget-container\">\n\t\t\t\t\t\n<div class=\"wpcf7 no-js\" id=\"wpcf7-f17-o1\" lang=\"en-US\" dir=\"ltr\" data-wpcf7-id=\"17\">\n<div class=\"screen-reader-response\"><p role=\"status\" aria-live=\"polite\" aria-atomic=\"true\"><\/p> <ul><\/ul><\/div>\n<form action=\"\/en\/wp-json\/wp\/v2\/pages\/16553#wpcf7-f17-o1\" method=\"post\" class=\"wpcf7-form init\" aria-label=\"Contact form\" novalidate=\"novalidate\" data-status=\"init\">\n<fieldset class=\"hidden-fields-container\"><input type=\"hidden\" name=\"_wpcf7\" value=\"17\" \/><input type=\"hidden\" name=\"_wpcf7_version\" value=\"6.1.5\" \/><input type=\"hidden\" name=\"_wpcf7_locale\" value=\"en_US\" \/><input type=\"hidden\" name=\"_wpcf7_unit_tag\" value=\"wpcf7-f17-o1\" \/><input type=\"hidden\" name=\"_wpcf7_container_post\" value=\"0\" \/><input type=\"hidden\" name=\"_wpcf7_posted_data_hash\" value=\"\" \/><input type=\"hidden\" name=\"_wpcf7_recaptcha_response\" value=\"\" \/>\n<\/fieldset>\n<p><label> Your name<br \/>\n<span class=\"wpcf7-form-control-wrap\" data-name=\"your-name\"><input size=\"40\" maxlength=\"400\" class=\"wpcf7-form-control wpcf7-text wpcf7-validates-as-required\" autocomplete=\"name\" aria-required=\"true\" aria-invalid=\"false\" value=\"\" type=\"text\" name=\"your-name\" \/><\/span> <\/label>\n<\/p>\n<p><label> Your email<br \/>\n<span class=\"wpcf7-form-control-wrap\" data-name=\"your-email\"><input size=\"40\" maxlength=\"400\" class=\"wpcf7-form-control wpcf7-email wpcf7-validates-as-required wpcf7-text wpcf7-validates-as-email\" autocomplete=\"email\" aria-required=\"true\" aria-invalid=\"false\" value=\"\" type=\"email\" name=\"your-email\" \/><\/span> <\/label>\n<\/p>\n<p><label> Subject<br \/>\n<span class=\"wpcf7-form-control-wrap\" data-name=\"your-subject\"><input size=\"40\" maxlength=\"400\" class=\"wpcf7-form-control wpcf7-text wpcf7-validates-as-required\" aria-required=\"true\" aria-invalid=\"false\" value=\"\" type=\"text\" name=\"your-subject\" \/><\/span> <\/label>\n<\/p>\n<p><label> Your message (optional)<br \/>\n<span class=\"wpcf7-form-control-wrap\" data-name=\"your-message\"><textarea cols=\"40\" rows=\"10\" maxlength=\"2000\" class=\"wpcf7-form-control wpcf7-textarea\" aria-invalid=\"false\" name=\"your-message\"><\/textarea><\/span> <\/label>\n<\/p>\n<p><input class=\"wpcf7-form-control wpcf7-submit has-spinner\" type=\"submit\" value=\"Submit\" \/>\n<\/p><div class=\"wpcf7-response-output\" aria-hidden=\"true\"><\/div>\n<\/form>\n<\/div>\n\t\t\t\t<\/div>\n\t\t\t\t<\/div>\n\t\t\t\t\t<\/div>\n\t\t<\/div>\n\t\t\t\t\t<\/div>\n\t\t<\/section>\n\t\t\t\t<\/div>\n\t\t","protected":false},"excerpt":{"rendered":"<p>&#8220;,&#8221;selector&#8221;:&#8221;wd-map-id-65e379a6c218a&#8221;,&#8221;markers&#8221;:null,&#8221;center&#8221;:&#8221;&#8221;}&#8217;> Tr\u017ei\u0161t\u011b 366\/13 Star\u00e9 M\u011bsto Praha 1 Send us a message and we will get back to you soon! Va\u0161e<\/p>\n","protected":false},"author":2,"featured_media":0,"parent":0,"menu_order":0,"comment_status":"closed","ping_status":"closed","template":"elementor_theme","meta":{"footnotes":""},"class_list":["post-16553","page","type-page","status-publish","hentry"],"yoast_head":"<title>Contact us &#8211; Zazu Naturals<\/title>\n<meta name=\"robots\" content=\"index, follow, max-snippet:-1, max-image-preview:large, max-video-preview:-1\" \/>\n<link rel=\"canonical\" href=\"https:\/\/izazu.cz\/en\/contact-us\" \/>\n<meta property=\"og:locale\" content=\"en_US\" \/>\n<meta property=\"og:type\" content=\"article\" \/>\n<meta property=\"og:title\" content=\"Contact us &#8211; Zazu Naturals\" \/>\n<meta property=\"og:description\" content=\"&#8220;,&#8221;selector&#8221;:&#8221;wd-map-id-65e379a6c218a&#8221;,&#8221;markers&#8221;:null,&#8221;center&#8221;:&#8221;&#8221;}&#8217;&gt; Tr\u017ei\u0161t\u011b 366\/13 Star\u00e9 M\u011bsto Praha 1 Send us a message and we will get back to you soon! Va\u0161e\" \/>\n<meta property=\"og:url\" content=\"https:\/\/izazu.cz\/en\/contact-us\" \/>\n<meta property=\"og:site_name\" content=\"Zazu Naturals\" \/>\n<meta property=\"article:modified_time\" content=\"2024-03-02T19:10:30+00:00\" \/>\n<meta property=\"og:image\" content=\"https:\/\/izazu.cz\/wp-content\/uploads\/navigation-18x18.png\" \/>\n<script type=\"application\/ld+json\" class=\"yoast-schema-graph\">{\"@context\":\"https:\\\/\\\/schema.org\",\"@graph\":[{\"@type\":\"WebPage\",\"@id\":\"https:\\\/\\\/izazu.cz\\\/en\\\/contact-us\",\"url\":\"https:\\\/\\\/izazu.cz\\\/en\\\/contact-us\",\"name\":\"Contact us &#8211; Zazu Naturals\",\"isPartOf\":{\"@id\":\"https:\\\/\\\/izazu.cz\\\/en#website\"},\"primaryImageOfPage\":{\"@id\":\"https:\\\/\\\/izazu.cz\\\/en\\\/contact-us#primaryimage\"},\"image\":{\"@id\":\"https:\\\/\\\/izazu.cz\\\/en\\\/contact-us#primaryimage\"},\"thumbnailUrl\":\"https:\\\/\\\/izazu.cz\\\/wp-content\\\/uploads\\\/navigation-18x18.png\",\"datePublished\":\"2021-10-12T16:27:24+00:00\",\"dateModified\":\"2024-03-02T19:10:30+00:00\",\"breadcrumb\":{\"@id\":\"https:\\\/\\\/izazu.cz\\\/en\\\/contact-us#breadcrumb\"},\"inLanguage\":\"en-US\",\"potentialAction\":[{\"@type\":\"ReadAction\",\"target\":[\"https:\\\/\\\/izazu.cz\\\/en\\\/contact-us\"]}]},{\"@type\":\"ImageObject\",\"inLanguage\":\"en-US\",\"@id\":\"https:\\\/\\\/izazu.cz\\\/en\\\/contact-us#primaryimage\",\"url\":\"https:\\\/\\\/izazu.cz\\\/wp-content\\\/uploads\\\/navigation-18x18.png\",\"contentUrl\":\"https:\\\/\\\/izazu.cz\\\/wp-content\\\/uploads\\\/navigation-18x18.png\"},{\"@type\":\"BreadcrumbList\",\"@id\":\"https:\\\/\\\/izazu.cz\\\/en\\\/contact-us#breadcrumb\",\"itemListElement\":[{\"@type\":\"ListItem\",\"position\":1,\"name\":\"Home\",\"item\":\"https:\\\/\\\/izazu.cz\\\/en\"},{\"@type\":\"ListItem\",\"position\":2,\"name\":\"Contact us\"}]},{\"@type\":\"WebSite\",\"@id\":\"https:\\\/\\\/izazu.cz\\\/en#website\",\"url\":\"https:\\\/\\\/izazu.cz\\\/en\",\"name\":\"Zazu Naturals\",\"description\":\"\",\"potentialAction\":[{\"@type\":\"SearchAction\",\"target\":{\"@type\":\"EntryPoint\",\"urlTemplate\":\"https:\\\/\\\/izazu.cz\\\/en?s={search_term_string}\"},\"query-input\":{\"@type\":\"PropertyValueSpecification\",\"valueRequired\":true,\"valueName\":\"search_term_string\"}}],\"inLanguage\":\"en-US\"}]}<\/script>","yoast_head_json":{"title":"Contact us &#8211; Zazu Naturals","robots":{"index":"index","follow":"follow","max-snippet":"max-snippet:-1","max-image-preview":"max-image-preview:large","max-video-preview":"max-video-preview:-1"},"canonical":"https:\/\/izazu.cz\/en\/contact-us","og_locale":"en_US","og_type":"article","og_title":"Contact us &#8211; Zazu Naturals","og_description":"&#8220;,&#8221;selector&#8221;:&#8221;wd-map-id-65e379a6c218a&#8221;,&#8221;markers&#8221;:null,&#8221;center&#8221;:&#8221;&#8221;}&#8217;> Tr\u017ei\u0161t\u011b 366\/13 Star\u00e9 M\u011bsto Praha 1 Send us a message and we will get back to you soon! Va\u0161e","og_url":"https:\/\/izazu.cz\/en\/contact-us","og_site_name":"Zazu Naturals","article_modified_time":"2024-03-02T19:10:30+00:00","og_image":[{"url":"https:\/\/izazu.cz\/wp-content\/uploads\/navigation-18x18.png","type":"","width":"","height":""}],"schema":{"@context":"https:\/\/schema.org","@graph":[{"@type":"WebPage","@id":"https:\/\/izazu.cz\/en\/contact-us","url":"https:\/\/izazu.cz\/en\/contact-us","name":"Contact us &#8211; Zazu Naturals","isPartOf":{"@id":"https:\/\/izazu.cz\/en#website"},"primaryImageOfPage":{"@id":"https:\/\/izazu.cz\/en\/contact-us#primaryimage"},"image":{"@id":"https:\/\/izazu.cz\/en\/contact-us#primaryimage"},"thumbnailUrl":"https:\/\/izazu.cz\/wp-content\/uploads\/navigation-18x18.png","datePublished":"2021-10-12T16:27:24+00:00","dateModified":"2024-03-02T19:10:30+00:00","breadcrumb":{"@id":"https:\/\/izazu.cz\/en\/contact-us#breadcrumb"},"inLanguage":"en-US","potentialAction":[{"@type":"ReadAction","target":["https:\/\/izazu.cz\/en\/contact-us"]}]},{"@type":"ImageObject","inLanguage":"en-US","@id":"https:\/\/izazu.cz\/en\/contact-us#primaryimage","url":"https:\/\/izazu.cz\/wp-content\/uploads\/navigation-18x18.png","contentUrl":"https:\/\/izazu.cz\/wp-content\/uploads\/navigation-18x18.png"},{"@type":"BreadcrumbList","@id":"https:\/\/izazu.cz\/en\/contact-us#breadcrumb","itemListElement":[{"@type":"ListItem","position":1,"name":"Home","item":"https:\/\/izazu.cz\/en"},{"@type":"ListItem","position":2,"name":"Contact us"}]},{"@type":"WebSite","@id":"https:\/\/izazu.cz\/en#website","url":"https:\/\/izazu.cz\/en","name":"Zazu Naturals","description":"","potentialAction":[{"@type":"SearchAction","target":{"@type":"EntryPoint","urlTemplate":"https:\/\/izazu.cz\/en?s={search_term_string}"},"query-input":{"@type":"PropertyValueSpecification","valueRequired":true,"valueName":"search_term_string"}}],"inLanguage":"en-US"}]}},"_links":{"self":[{"href":"https:\/\/izazu.cz\/en\/wp-json\/wp\/v2\/pages\/16553","targetHints":{"allow":["GET"]}}],"collection":[{"href":"https:\/\/izazu.cz\/en\/wp-json\/wp\/v2\/pages"}],"about":[{"href":"https:\/\/izazu.cz\/en\/wp-json\/wp\/v2\/types\/page"}],"author":[{"embeddable":true,"href":"https:\/\/izazu.cz\/en\/wp-json\/wp\/v2\/users\/2"}],"replies":[{"embeddable":true,"href":"https:\/\/izazu.cz\/en\/wp-json\/wp\/v2\/comments?post=16553"}],"version-history":[{"count":0,"href":"https:\/\/izazu.cz\/en\/wp-json\/wp\/v2\/pages\/16553\/revisions"}],"wp:attachment":[{"href":"https:\/\/izazu.cz\/en\/wp-json\/wp\/v2\/media?parent=16553"}],"curies":[{"name":"wp","href":"https:\/\/api.w.org\/{rel}","templated":true}]}}